{"id":12,"date":"2016-10-21T11:55:57","date_gmt":"2016-10-21T09:55:57","guid":{"rendered":"http:\/\/www.m-pos.cz\/?page_id=12"},"modified":"2016-11-16T13:51:29","modified_gmt":"2016-11-16T12:51:29","slug":"nejlevnejsi-eet-pokladna-s-windows-10","status":"publish","type":"page","link":"https:\/\/www.m-pos.cz\/?page_id=12","title":{"rendered":"nejlevn\u011bj\u0161\u00ed EET pokladna s WINDOWS 10"},"content":{"rendered":"<section id=\"builder-section-1477043539850\" class=\"builder-section builder-section-first builder-section-text builder-section-last builder-text-columns-3\">\n<div class=\"builder-section-content\">\n<div id=\"builder-section-1477043539850-column-1\" class=\"builder-text-column builder-text-column-1\">\n<div class=\"builder-text-content\">\n<div class=\"col-xs-7\">\n<h2><strong><span style=\"color: #ff0000;\">nejlevn\u011bj\u0161\u00ed EET pokladna s WINDOWS 10<\/span><\/strong><\/h2>\n<div class=\"description\">\n<ul>\n<li>Vlastn\u00ed PC nejen pro EET<\/li>\n<li>Ide\u00e1ln\u00ed pro specializovan\u00e9 prodejny a men\u0161\u00ed provozy<\/li>\n<li>Kvalitn\u00ed 15,6\u2018\u2018 displej<\/li>\n<li>Nejekonomi\u010dt\u011bj\u0161\u00ed \u0159e\u0161en\u00ed<\/li>\n<li>P\u0159edinstalov\u00e1n C\u00cdGLER SOFTWARE Prodejna SQL mini<\/li>\n<li class=\"price\"><strong><span style=\"color: #ff0000;\">Cena od 12 840 K\u010d bez DPH<\/span><\/strong><\/li>\n<\/ul>\n<\/div>\n<p style=\"text-align: center;\"><a href=\"http:\/\/www.m-pos.cz\/wp-content\/uploads\/2016\/10\/nejlevn\u011bj\u0161\u00ed-EET-pokladna-s-windows-10.jpg\"><img loading=\"lazy\" class=\"alignnone size-medium wp-image-13\" src=\"http:\/\/www.m-pos.cz\/wp-content\/uploads\/2016\/10\/nejlevn\u011bj\u0161\u00ed-EET-pokladna-s-windows-10-300x142.jpg\" alt=\"nejlevnejsi-eet-pokladna-s-windows-10\" width=\"300\" height=\"142\" srcset=\"https:\/\/www.m-pos.cz\/wp-content\/uploads\/2016\/10\/nejlevn\u011bj\u0161\u00ed-EET-pokladna-s-windows-10-300x142.jpg 300w, https:\/\/www.m-pos.cz\/wp-content\/uploads\/2016\/10\/nejlevn\u011bj\u0161\u00ed-EET-pokladna-s-windows-10-768x364.jpg 768w, https:\/\/www.m-pos.cz\/wp-content\/uploads\/2016\/10\/nejlevn\u011bj\u0161\u00ed-EET-pokladna-s-windows-10-1024x485.jpg 1024w, https:\/\/www.m-pos.cz\/wp-content\/uploads\/2016\/10\/nejlevn\u011bj\u0161\u00ed-EET-pokladna-s-windows-10.jpg 1668w\" sizes=\"(max-width: 300px) 100vw, 300px\" \/><\/a><\/p>\n<\/div>\n<p style=\"text-align: center;\">\n<\/div>\n<\/div>\n<div id=\"builder-section-1477043539850-column-3\" class=\"builder-text-column builder-text-column-3\">\n<div class=\"builder-text-content\">\n<div id=\"original\" class=\"popis\">\n<p><strong><span style=\"color: #ff0000;\">Set po\u010d\u00edta\u010de, dotykov\u00e9ho monitoru a pokladn\u00ed tisk\u00e1rny obsahuje<\/span><\/strong><\/p>\n<p>LENOVO IDEACENTRE STICK s opera\u010dn\u00edm syst\u00e9mem Windows 10, procesorem Intel Atom Z3735F (2MB, 1,33 GHz), 2 GB RAM a 32GB ulo\u017ei\u0161t\u011bm. P\u0159ipojen\u00ed pomoci WiFi 802.11bgn + Bluetooth 4.0<br \/>\nASUS VT168N 15,6&#8243; dotykov\u00fd monitor s rozli\u0161en\u00edm 1366&#215;768 bod\u016f a 10-ti bodovou kapacitn\u00ed dotykovou technologi\u00ed.<br \/>\nEPSON TM-T20II pokladn\u00ed termotisk\u00e1rnu s rychlost\u00ed tisku 200 mm\/s a p\u0159ipojen\u00edm pomoci USB + RS232.<\/p>\n<p>BELKIN USB HUB 2.0 poskytuj\u00edc\u00ed dal\u0161\u00ed 4 USB porty.<\/p>\n<\/div>\n<\/div>\n<\/div>\n<\/div>\n<\/section>\n","protected":false},"excerpt":{"rendered":"<div class=\"slide-text-bg2\"><span>nejlevn\u011bj\u0161\u00ed EET pokladna s WINDOWS 10 Vlastn\u00ed PC nejen pro EET Ide\u00e1ln\u00ed pro specializovan\u00e9 prodejny a men\u0161\u00ed provozy Kvalitn\u00ed 15,6\u2018\u2018 displej Ne<\/span><\/div>\n<div class=\"slide-btn-area-sm\"><a href=\"https:\/\/www.m-pos.cz\/?page_id=12\" class=\"slide-btn-sm\">Read More<\/a><\/div>\n","protected":false},"author":1,"featured_media":0,"parent":0,"menu_order":0,"comment_status":"closed","ping_status":"closed","template":"","meta":[],"_links":{"self":[{"href":"https:\/\/www.m-pos.cz\/index.php?rest_route=\/wp\/v2\/pages\/12"}],"collection":[{"href":"https:\/\/www.m-pos.cz\/index.php?rest_route=\/wp\/v2\/pages"}],"about":[{"href":"https:\/\/www.m-pos.cz\/index.php?rest_route=\/wp\/v2\/types\/page"}],"author":[{"embeddable":true,"href":"https:\/\/www.m-pos.cz\/index.php?rest_route=\/wp\/v2\/users\/1"}],"replies":[{"embeddable":true,"href":"https:\/\/www.m-pos.cz\/index.php?rest_route=%2Fwp%2Fv2%2Fcomments&post=12"}],"version-history":[{"count":3,"href":"https:\/\/www.m-pos.cz\/index.php?rest_route=\/wp\/v2\/pages\/12\/revisions"}],"predecessor-version":[{"id":91,"href":"https:\/\/www.m-pos.cz\/index.php?rest_route=\/wp\/v2\/pages\/12\/revisions\/91"}],"wp:attachment":[{"href":"https:\/\/www.m-pos.cz\/index.php?rest_route=%2Fwp%2Fv2%2Fmedia&parent=12"}],"curies":[{"name":"wp","href":"https:\/\/api.w.org\/{rel}","templated":true}]}}