{"id":19,"date":"2016-10-21T12:03:13","date_gmt":"2016-10-21T10:03:13","guid":{"rendered":"http:\/\/www.m-pos.cz\/?page_id=19"},"modified":"2016-11-16T13:50:28","modified_gmt":"2016-11-16T12:50:28","slug":"nejprodavanejsi-eet-system-pro-restaurace","status":"publish","type":"page","link":"https:\/\/www.m-pos.cz\/?page_id=19","title":{"rendered":"nejprod\u00e1van\u011bj\u0161\u00ed EET syst\u00e9m pro restaurace"},"content":{"rendered":"<section id=\"builder-section-1477044054235\" class=\"builder-section builder-section-first builder-section-text builder-section-last builder-text-columns-3\">\n<div class=\"builder-section-content\">\n<div id=\"builder-section-1477044054235-column-1\" class=\"builder-text-column builder-text-column-1\">\n<div class=\"builder-text-content\">\n<div class=\"col-xs-7\">\n<h2><strong><span style=\"color: #ff0000;\">nejprod\u00e1van\u011bj\u0161\u00ed EET syst\u00e9m pro restaurace<\/span><\/strong><\/h2>\n<div class=\"description\">\n<ul>\n<li>Ide\u00e1ln\u00ed pro restaurace a jin\u00e9 pohostinsk\u00e9 prostory<\/li>\n<li>15\u201c odoln\u00fd dotykov\u00fd displej<\/li>\n<li>Rychl\u00fd a \u00fasporn\u00fd provoz tisk\u00e1rny EPSON<\/li>\n<li>Kompaktn\u00ed mal\u00e9 PC pro EET i jinou kancel\u00e1\u0159skou pr\u00e1ci<\/li>\n<li>P\u0159edinstalov\u00e1n SW KASAMAX GASTRO<\/li>\n<li class=\"price\"><strong><span style=\"color: #ff0000;\">Cena od 25 500 K\u010d bez DPH<\/span><\/strong><\/li>\n<\/ul>\n<\/div>\n<p style=\"text-align: center;\"><a href=\"http:\/\/www.m-pos.cz\/wp-content\/uploads\/2016\/10\/nejprod\u00e1van\u011bj\u0161\u00ed-EET-syst\u00e9m-pro-restaurace.jpg\"><img loading=\"lazy\" class=\"alignnone size-medium wp-image-20\" src=\"http:\/\/www.m-pos.cz\/wp-content\/uploads\/2016\/10\/nejprod\u00e1van\u011bj\u0161\u00ed-EET-syst\u00e9m-pro-restaurace-300x221.jpg\" alt=\"nejprodavanejsi-eet-system-pro-restaurace\" width=\"300\" height=\"221\" srcset=\"https:\/\/www.m-pos.cz\/wp-content\/uploads\/2016\/10\/nejprod\u00e1van\u011bj\u0161\u00ed-EET-syst\u00e9m-pro-restaurace-300x221.jpg 300w, https:\/\/www.m-pos.cz\/wp-content\/uploads\/2016\/10\/nejprod\u00e1van\u011bj\u0161\u00ed-EET-syst\u00e9m-pro-restaurace-768x565.jpg 768w, https:\/\/www.m-pos.cz\/wp-content\/uploads\/2016\/10\/nejprod\u00e1van\u011bj\u0161\u00ed-EET-syst\u00e9m-pro-restaurace-1024x753.jpg 1024w, https:\/\/www.m-pos.cz\/wp-content\/uploads\/2016\/10\/nejprod\u00e1van\u011bj\u0161\u00ed-EET-syst\u00e9m-pro-restaurace.jpg 1468w\" sizes=\"(max-width: 300px) 100vw, 300px\" \/><\/a><\/p>\n<\/div>\n<\/div>\n<\/div>\n<\/div>\n<div class=\"builder-section-content\">\n<div id=\"builder-section-1477044054235-column-3\" class=\"builder-text-column builder-text-column-3\">\n<div class=\"builder-text-content\">\n<p>&nbsp;<\/p>\n<p><strong><span style=\"color: #ff0000;\">Set po\u010d\u00edta\u010de, dotykov\u00e9ho monitoru a pokladn\u00ed tisk\u00e1rny obsahuje<\/span><\/strong><\/p>\n<p>GIGABYTE Brix s opera\u010dn\u00edm syst\u00e9mem Windows 10, procesorem Intel Celeron 3955U (2.0 GHz), 2 GB RAM a 32 GB ulo\u017ei\u0161t\u011bm, p\u0159ipojen\u00ed pomoci WiFi 802.11ac + Bluetooth 4.0 + Gigabit LAN. 2x USB 3.1, 2x USB 3.0, HDMI a miniDP.<\/p>\n<p>Acer AM-1015 15&#8243; dotykov\u00fd monitor s rozli\u0161en\u00edm 1024&#215;768 a dotykovou rezistivn\u00ed technologi\u00ed, 2x USB 2.0 a odoln\u00fdm povrchem.<\/p>\n<p>EPSON TM-T20II pokladn\u00ed termotisk\u00e1rnu s rychlost\u00ed tisku 200 mm\/s a p\u0159ipojen\u00edm pomoci USB + RS232.<\/p>\n<\/div>\n<\/div>\n<\/div>\n<\/section>\n","protected":false},"excerpt":{"rendered":"<div class=\"slide-text-bg2\"><span>nejprod\u00e1van\u011bj\u0161\u00ed EET syst\u00e9m pro restaurace Ide\u00e1ln\u00ed pro restaurace a jin\u00e9 pohostinsk\u00e9 prostory 15\u201c odoln\u00fd dotykov\u00fd displej Rychl\u00fd a \u00fasporn\u00fd p<\/span><\/div>\n<div class=\"slide-btn-area-sm\"><a href=\"https:\/\/www.m-pos.cz\/?page_id=19\" class=\"slide-btn-sm\">Read More<\/a><\/div>\n","protected":false},"author":1,"featured_media":0,"parent":0,"menu_order":0,"comment_status":"closed","ping_status":"closed","template":"","meta":[],"_links":{"self":[{"href":"https:\/\/www.m-pos.cz\/index.php?rest_route=\/wp\/v2\/pages\/19"}],"collection":[{"href":"https:\/\/www.m-pos.cz\/index.php?rest_route=\/wp\/v2\/pages"}],"about":[{"href":"https:\/\/www.m-pos.cz\/index.php?rest_route=\/wp\/v2\/types\/page"}],"author":[{"embeddable":true,"href":"https:\/\/www.m-pos.cz\/index.php?rest_route=\/wp\/v2\/users\/1"}],"replies":[{"embeddable":true,"href":"https:\/\/www.m-pos.cz\/index.php?rest_route=%2Fwp%2Fv2%2Fcomments&post=19"}],"version-history":[{"count":5,"href":"https:\/\/www.m-pos.cz\/index.php?rest_route=\/wp\/v2\/pages\/19\/revisions"}],"predecessor-version":[{"id":90,"href":"https:\/\/www.m-pos.cz\/index.php?rest_route=\/wp\/v2\/pages\/19\/revisions\/90"}],"wp:attachment":[{"href":"https:\/\/www.m-pos.cz\/index.php?rest_route=%2Fwp%2Fv2%2Fmedia&parent=19"}],"curies":[{"name":"wp","href":"https:\/\/api.w.org\/{rel}","templated":true}]}}