{"id":24,"date":"2016-10-21T12:14:57","date_gmt":"2016-10-21T10:14:57","guid":{"rendered":"http:\/\/www.m-pos.cz\/?page_id=24"},"modified":"2016-11-16T13:52:38","modified_gmt":"2016-11-16T12:52:38","slug":"mobilni-eet-pokladni-system","status":"publish","type":"page","link":"https:\/\/www.m-pos.cz\/?page_id=24","title":{"rendered":"mobiln\u00ed EET pokladn\u00ed syst\u00e9m"},"content":{"rendered":"<section id=\"builder-section-1477044704591\" class=\"builder-section builder-section-first builder-section-text builder-section-last builder-text-columns-3\">\n<div class=\"builder-section-content\">\n<div id=\"builder-section-1477044704591-column-1\" class=\"builder-text-column builder-text-column-1\">\n<div class=\"builder-text-content\">\n<div class=\"col-xs-7\">\n<h2><strong><span style=\"color: #ff0000;\">mobiln\u00ed EET pokladn\u00ed syst\u00e9m<\/span><\/strong><\/h2>\n<div class=\"description\">\n<ul>\n<li>Nejv\u00fdkonn\u011bj\u0161\u00ed tablet p\u0159ipraven\u00fd pro EET<\/li>\n<li>Ide\u00e1ln\u00ed pro obchody, restaurace, venkovn\u00ed provozy<\/li>\n<li>Ultralehk\u00e1 a kompaktn\u00ed pokladn\u00ed tisk\u00e1rna EPSON<\/li>\n<li>LTE modem pro p\u0159ipojen\u00ed odkudkoliv<\/li>\n<li>P\u0159edinstalov\u00e1n SW KASAMAX GASTRO<\/li>\n<li class=\"price\"><strong><span style=\"color: #ff0000;\">Cena od 20 790 K\u010d bez DPH<\/span><\/strong><\/li>\n<\/ul>\n<\/div>\n<p style=\"text-align: center;\"><a href=\"http:\/\/www.m-pos.cz\/wp-content\/uploads\/2016\/10\/mobiln\u00ed-EET-pokladn\u00ed-syst\u00e9m.jpg\"><img loading=\"lazy\" class=\"alignnone size-medium wp-image-25\" src=\"http:\/\/www.m-pos.cz\/wp-content\/uploads\/2016\/10\/mobiln\u00ed-EET-pokladn\u00ed-syst\u00e9m-300x188.jpg\" alt=\"mobilni-eet-pokladni-system\" width=\"300\" height=\"188\" srcset=\"https:\/\/www.m-pos.cz\/wp-content\/uploads\/2016\/10\/mobiln\u00ed-EET-pokladn\u00ed-syst\u00e9m-300x188.jpg 300w, https:\/\/www.m-pos.cz\/wp-content\/uploads\/2016\/10\/mobiln\u00ed-EET-pokladn\u00ed-syst\u00e9m-768x480.jpg 768w, https:\/\/www.m-pos.cz\/wp-content\/uploads\/2016\/10\/mobiln\u00ed-EET-pokladn\u00ed-syst\u00e9m-1024x640.jpg 1024w, https:\/\/www.m-pos.cz\/wp-content\/uploads\/2016\/10\/mobiln\u00ed-EET-pokladn\u00ed-syst\u00e9m.jpg 1727w\" sizes=\"(max-width: 300px) 100vw, 300px\" \/><\/a><\/p>\n<\/div>\n<p style=\"text-align: center;\">\n<\/div>\n<\/div>\n<div id=\"builder-section-1477044704591-column-2\" class=\"builder-text-column builder-text-column-2\">\n<div class=\"builder-text-content\">\n<p><strong><span style=\"color: #ff0000;\">Set tabletu a pokladn\u00ed tisk\u00e1rny obsahuje<\/span><\/strong><\/p>\n<\/div>\n<\/div>\n<div id=\"builder-section-1477044704591-column-3\" class=\"builder-text-column builder-text-column-3\">\n<div class=\"builder-text-content\">\n<div id=\"original\" class=\"popis\">\n<p>ACER Aspire Switch 10V LTE s opera\u010dn\u00edm syst\u00e9mem Windows 10, odnimatelnou kl\u00e1vesnic\u00ed a 10&#8243; mlutidotykov\u00fdm dosplejem s rozli\u0161en\u00edm 1280&#215;800 bod\u016f. Tablet je vybaven procesorem Intel Atom x5-Z8300, 2GB RAM a 64GB ulo\u017ei\u0161t\u011bm. P\u0159ipojen\u00ed p\u0159es WiFi 802.11 a\/b\/g\/n, Bluethooth 4.0. a LTE modem V\u00fddr\u017e baterie a\u017e 10 hodin.<\/p>\n<p>EPSON TM-P20 lehk\u00e1 mobiln\u00ed tisk\u00e1rna s p\u0159ipojen\u00edm p\u0159es Bluetooth, s rychlost\u00ed tisku 100 mm\/s a v\u00fddr\u017e\u00ed bateria a\u017e 8 hodin. Sou\u010d\u00e1st\u00ed je nab\u00edjec\u00ed stanice.<\/p>\n<p>BELKIN USB HUB 2.0 poskytuj\u00edc\u00ed dal\u0161\u00ed 4 USB porty.<\/p>\n<\/div>\n<\/div>\n<\/div>\n<\/div>\n<\/section>\n","protected":false},"excerpt":{"rendered":"<div class=\"slide-text-bg2\"><span>mobiln\u00ed EET pokladn\u00ed syst\u00e9m Nejv\u00fdkonn\u011bj\u0161\u00ed tablet p\u0159ipraven\u00fd pro EET Ide\u00e1ln\u00ed pro obchody, restaurace, venkovn\u00ed provozy Ultralehk\u00e1 a kompaktn\u00ed <\/span><\/div>\n<div class=\"slide-btn-area-sm\"><a href=\"https:\/\/www.m-pos.cz\/?page_id=24\" class=\"slide-btn-sm\">Read More<\/a><\/div>\n","protected":false},"author":1,"featured_media":0,"parent":0,"menu_order":0,"comment_status":"closed","ping_status":"closed","template":"","meta":[],"_links":{"self":[{"href":"https:\/\/www.m-pos.cz\/index.php?rest_route=\/wp\/v2\/pages\/24"}],"collection":[{"href":"https:\/\/www.m-pos.cz\/index.php?rest_route=\/wp\/v2\/pages"}],"about":[{"href":"https:\/\/www.m-pos.cz\/index.php?rest_route=\/wp\/v2\/types\/page"}],"author":[{"embeddable":true,"href":"https:\/\/www.m-pos.cz\/index.php?rest_route=\/wp\/v2\/users\/1"}],"replies":[{"embeddable":true,"href":"https:\/\/www.m-pos.cz\/index.php?rest_route=%2Fwp%2Fv2%2Fcomments&post=24"}],"version-history":[{"count":5,"href":"https:\/\/www.m-pos.cz\/index.php?rest_route=\/wp\/v2\/pages\/24\/revisions"}],"predecessor-version":[{"id":92,"href":"https:\/\/www.m-pos.cz\/index.php?rest_route=\/wp\/v2\/pages\/24\/revisions\/92"}],"wp:attachment":[{"href":"https:\/\/www.m-pos.cz\/index.php?rest_route=%2Fwp%2Fv2%2Fmedia&parent=24"}],"curies":[{"name":"wp","href":"https:\/\/api.w.org\/{rel}","templated":true}]}}