{"id":42,"date":"2016-10-21T13:56:12","date_gmt":"2016-10-21T11:56:12","guid":{"rendered":"http:\/\/www.m-pos.cz\/?page_id=42"},"modified":"2016-10-21T13:58:52","modified_gmt":"2016-10-21T11:58:52","slug":"kontakt","status":"publish","type":"page","link":"https:\/\/www.m-pos.cz\/?page_id=42","title":{"rendered":"kontakt"},"content":{"rendered":"<p>mm computer s.r.o.<\/p>\n<p>Far\u00e1\u0159e Toufara 1551<\/p>\n<p>539 01, Hlinsko v \u010cech\u00e1ch<\/p>\n<p>I\u010c: 26001616<\/p>\n<p>DI\u010c: CZ26001616<\/p>\n<p>&nbsp;<\/p>\n<p>nb@mmcomp.net<\/p>\n<p>+420 603 516 221 &#8211; Martin Slav\u00edk<\/p>\n","protected":false},"excerpt":{"rendered":"<div class=\"slide-text-bg2\"><span>mm computer s.r.o. Far\u00e1\u0159e Toufara 1551 539 01, Hlinsko v \u010cech\u00e1ch I\u010c: 26001616 DI\u010c: CZ26001616 &nbsp; nb@mmcomp.net +420 603 516 221 &#8211; Martin Sl<\/span><\/div>\n<div class=\"slide-btn-area-sm\"><a href=\"https:\/\/www.m-pos.cz\/?page_id=42\" class=\"slide-btn-sm\">Read More<\/a><\/div>\n","protected":false},"author":1,"featured_media":0,"parent":0,"menu_order":0,"comment_status":"closed","ping_status":"closed","template":"","meta":[],"_links":{"self":[{"href":"https:\/\/www.m-pos.cz\/index.php?rest_route=\/wp\/v2\/pages\/42"}],"collection":[{"href":"https:\/\/www.m-pos.cz\/index.php?rest_route=\/wp\/v2\/pages"}],"about":[{"href":"https:\/\/www.m-pos.cz\/index.php?rest_route=\/wp\/v2\/types\/page"}],"author":[{"embeddable":true,"href":"https:\/\/www.m-pos.cz\/index.php?rest_route=\/wp\/v2\/users\/1"}],"replies":[{"embeddable":true,"href":"https:\/\/www.m-pos.cz\/index.php?rest_route=%2Fwp%2Fv2%2Fcomments&post=42"}],"version-history":[{"count":3,"href":"https:\/\/www.m-pos.cz\/index.php?rest_route=\/wp\/v2\/pages\/42\/revisions"}],"predecessor-version":[{"id":46,"href":"https:\/\/www.m-pos.cz\/index.php?rest_route=\/wp\/v2\/pages\/42\/revisions\/46"}],"wp:attachment":[{"href":"https:\/\/www.m-pos.cz\/index.php?rest_route=%2Fwp%2Fv2%2Fmedia&parent=42"}],"curies":[{"name":"wp","href":"https:\/\/api.w.org\/{rel}","templated":true}]}}