{"id":48,"date":"2016-11-01T10:03:33","date_gmt":"2016-11-01T09:03:33","guid":{"rendered":"http:\/\/www.m-pos.cz\/?page_id=48"},"modified":"2016-11-16T13:54:14","modified_gmt":"2016-11-16T12:54:14","slug":"helios-co-je-eet","status":"publish","type":"page","link":"https:\/\/www.m-pos.cz\/?page_id=48","title":{"rendered":"Helios &#8211; co je EET?"},"content":{"rendered":"<p style=\"text-align: justify;\">Z\u00e1kon \u010d. 112\/2016 Sb. ze dne 16. 3. 2016 o evidenci tr\u017eeb ukl\u00e1d\u00e1 podnikatel\u016fm, kte\u0159\u00ed p\u0159ij\u00edmaj\u00ed tzv. evidovan\u00e9 tr\u017eby, povinnost odes\u00edlat informace o t\u011bchto tr\u017eb\u00e1ch na spole\u010dn\u00e9 technick\u00e9 za\u0159\u00edzen\u00ed spr\u00e1vce dan\u011b &#8211; port\u00e1l EPO. Pojem evidovan\u00e1 tr\u017eba je vymezen v z\u00e1kon\u011b.<\/p>\n<p style=\"text-align: justify;\">Podrobn\u00e9 informace k EET uve\u0159ej\u0148uje Finan\u010dn\u00ed spr\u00e1va na webu <a href=\"http:\/\/www.etrzby.cz\/\" target=\"_blank\">www.etrzby.cz<\/a><\/p>\n<p style=\"text-align: justify;\">Syst\u00e9m HELIOS bude na komunikaci s port\u00e1lem EPO p\u0159ipraven nejpozd\u011bji k\u00a01. 12. 2016. Podrobn\u00e9 informace budou pr\u016fb\u011b\u017en\u011b zve\u0159ej\u0148ov\u00e1ny v Aktualit\u00e1ch a v dokumentaci na webu v sekci Poradna. V\u00edce informac\u00ed k<strong> HELIOS Orange<\/strong> <strong><a href=\"https:\/\/forum.helios.eu\/orange\/doc\/cs\/Kategorie:Poradna_(CZ)\" target=\"_blank\">zde<\/a><\/strong>.<\/p>\n<p style=\"text-align: justify;\">\nV\u00edce informac\u00ed k<strong> HELIOS Easy\u00a0<\/strong><strong><a href=\"https:\/\/forum.helios.eu\/orange\/doc\/cs\/Kategorie:Poradna_(CZ)\" target=\"_blank\">zde<\/a><\/strong>.<br \/>\nV\u00edce informac\u00ed k<strong> HELIOS Red<\/strong> <strong><a href=\"https:\/\/forum.helios.eu\/red\/doc\/cs\/Kategorie:Poradna\" target=\"_blank\">zde<\/a><\/strong>.<\/p>\n","protected":false},"excerpt":{"rendered":"<div class=\"slide-text-bg2\"><span>Z\u00e1kon \u010d. 112\/2016 Sb. ze dne 16. 3. 2016 o evidenci tr\u017eeb ukl\u00e1d\u00e1 podnikatel\u016fm, kte\u0159\u00ed p\u0159ij\u00edmaj\u00ed tzv. evidovan\u00e9 tr\u017eby, povinnost odes\u00edlat infor<\/span><\/div>\n<div class=\"slide-btn-area-sm\"><a href=\"https:\/\/www.m-pos.cz\/?page_id=48\" class=\"slide-btn-sm\">Read More<\/a><\/div>\n","protected":false},"author":1,"featured_media":0,"parent":0,"menu_order":0,"comment_status":"closed","ping_status":"closed","template":"","meta":[],"_links":{"self":[{"href":"https:\/\/www.m-pos.cz\/index.php?rest_route=\/wp\/v2\/pages\/48"}],"collection":[{"href":"https:\/\/www.m-pos.cz\/index.php?rest_route=\/wp\/v2\/pages"}],"about":[{"href":"https:\/\/www.m-pos.cz\/index.php?rest_route=\/wp\/v2\/types\/page"}],"author":[{"embeddable":true,"href":"https:\/\/www.m-pos.cz\/index.php?rest_route=\/wp\/v2\/users\/1"}],"replies":[{"embeddable":true,"href":"https:\/\/www.m-pos.cz\/index.php?rest_route=%2Fwp%2Fv2%2Fcomments&post=48"}],"version-history":[{"count":2,"href":"https:\/\/www.m-pos.cz\/index.php?rest_route=\/wp\/v2\/pages\/48\/revisions"}],"predecessor-version":[{"id":94,"href":"https:\/\/www.m-pos.cz\/index.php?rest_route=\/wp\/v2\/pages\/48\/revisions\/94"}],"wp:attachment":[{"href":"https:\/\/www.m-pos.cz\/index.php?rest_route=%2Fwp%2Fv2%2Fmedia&parent=48"}],"curies":[{"name":"wp","href":"https:\/\/api.w.org\/{rel}","templated":true}]}}