{"id":54,"date":"2016-11-01T10:05:47","date_gmt":"2016-11-01T09:05:47","guid":{"rendered":"http:\/\/www.m-pos.cz\/?page_id=54"},"modified":"2020-02-28T02:37:04","modified_gmt":"2020-02-28T01:37:04","slug":"helios-co-je-treba-udelat-pred-spustenim-eet","status":"publish","type":"page","link":"https:\/\/www.m-pos.cz\/?page_id=54","title":{"rendered":"Helios &#8211; co je t\u0159eba ud\u011blat p\u0159ed spu\u0161t\u011bn\u00edm EET?"},"content":{"rendered":"<p>Po\u017e\u00e1dat Finan\u010dn\u00ed spr\u00e1vu o autentiza\u010dn\u00ed \u00fadaje, kter\u00e9 umo\u017en\u00ed p\u0159ihl\u00e1\u0161en\u00ed na port\u00e1l EPO. Podnikatel zde zaeviduje sv\u00e9 provozovny a vygeneruje si podpisov\u00fd\/\u00e9 certifik\u00e1t\/y, kter\u00fd\/\u00e9 bude pou\u017e\u00edvat pro komunikaci s port\u00e1lem.<\/p>\n<p>Po\u010det certifik\u00e1t\u016f nen\u00ed omezen, je na podnikateli, zda bude pou\u017e\u00edvat jeden nebo v\u00edce certifik\u00e1t\u016f. Platnost certifik\u00e1tu je 3 roky. Podle aktu\u00e1ln\u00edch informac\u00ed Ministerstva financ\u00ed \u010cR je mo\u017en\u00e9 o autentiza\u010dn\u00ed \u00fadaje \u017e\u00e1dat od 1. 9. 2016.<\/p>\n<p>\u017d\u00e1dat je mo\u017en\u00e9 elektronicky na Da\u0148ov\u00e9m port\u00e1lu nebo osobn\u011b na libovoln\u00e9m finan\u010dn\u00edm \u00fa\u0159ad\u011b.<\/p>\n<p>Podrobn\u00fd popis najdete na str\u00e1nk\u00e1ch etrzby.cz <a href=\"http:\/\/www.etrzby.cz\/cs\/novinky_od-zari-podnikatele-zahaji-prvni-kroky-k-evidenci-trzeb\" target=\"_blank\"><strong>zde.<\/strong><\/a><\/p>\n<p>Z\u00edskan\u00e9 autentiza\u010dn\u00ed \u00fadaje slou\u017e\u00ed k p\u0159ihl\u00e1\u0161en\u00ed do webov\u00e9 aplikace Elektronick\u00e1 evidence tr\u017eeb, ve kter\u00e9 se eviduj\u00ed provozovny a spravuj\u00ed certifik\u00e1ty.<\/p>\n<p><a href=\"http:\/\/www.etrzby.cz\/assets\/cs\/prilohy\/webova_aplikace_eet.pdf\" target=\"_blank\">http:\/\/www.etrzby.cz\/assets\/cs\/prilohy\/webova_aplikace_eet.pdf<\/a><\/p>\n<p>Dne 31.8.2016 vydalo Gener\u00e1ln\u00ed finan\u010dn\u00ed \u0159editelstv\u00ed Metodick\u00fd pokyn k aplikaci z\u00e1kona o evidenci tr\u017eeb, kter\u00fd najdete zde:<\/p>\n<p><a href=\"http:\/\/www.etrzby.cz\/assets\/cs\/prilohy\/Metodika-k-evidenci-trzeb_v1.0.pdf\" target=\"_blank\">http:\/\/www.etrzby.cz\/assets\/cs\/prilohy\/Metodika-k-evidenci-trzeb_v1.0.pdf<\/a><\/p>\n","protected":false},"excerpt":{"rendered":"<div class=\"slide-text-bg2\"><span>Po\u017e\u00e1dat Finan\u010dn\u00ed spr\u00e1vu o autentiza\u010dn\u00ed \u00fadaje, kter\u00e9 umo\u017en\u00ed p\u0159ihl\u00e1\u0161en\u00ed na port\u00e1l EPO. Podnikatel zde zaeviduje sv\u00e9 provozovny a vygeneruje <\/span><\/div>\n<div class=\"slide-btn-area-sm\"><a href=\"https:\/\/www.m-pos.cz\/?page_id=54\" class=\"slide-btn-sm\">Read More<\/a><\/div>\n","protected":false},"author":1,"featured_media":0,"parent":0,"menu_order":0,"comment_status":"closed","ping_status":"closed","template":"","meta":[],"_links":{"self":[{"href":"https:\/\/www.m-pos.cz\/index.php?rest_route=\/wp\/v2\/pages\/54"}],"collection":[{"href":"https:\/\/www.m-pos.cz\/index.php?rest_route=\/wp\/v2\/pages"}],"about":[{"href":"https:\/\/www.m-pos.cz\/index.php?rest_route=\/wp\/v2\/types\/page"}],"author":[{"embeddable":true,"href":"https:\/\/www.m-pos.cz\/index.php?rest_route=\/wp\/v2\/users\/1"}],"replies":[{"embeddable":true,"href":"https:\/\/www.m-pos.cz\/index.php?rest_route=%2Fwp%2Fv2%2Fcomments&post=54"}],"version-history":[{"count":1,"href":"https:\/\/www.m-pos.cz\/index.php?rest_route=\/wp\/v2\/pages\/54\/revisions"}],"predecessor-version":[{"id":56,"href":"https:\/\/www.m-pos.cz\/index.php?rest_route=\/wp\/v2\/pages\/54\/revisions\/56"}],"wp:attachment":[{"href":"https:\/\/www.m-pos.cz\/index.php?rest_route=%2Fwp%2Fv2%2Fmedia&parent=54"}],"curies":[{"name":"wp","href":"https:\/\/api.w.org\/{rel}","templated":true}]}}