{"id":60,"date":"2016-11-01T10:11:28","date_gmt":"2016-11-01T09:11:28","guid":{"rendered":"http:\/\/www.m-pos.cz\/?page_id=60"},"modified":"2016-11-16T14:11:12","modified_gmt":"2016-11-16T13:11:12","slug":"eet-elektronicka-evidence-trzeb","status":"publish","type":"page","link":"https:\/\/www.m-pos.cz\/?page_id=60","title":{"rendered":"EET &#8211; elektronick\u00e1 evidence tr\u017eeb"},"content":{"rendered":"<h1><span style=\"color: #ff0000;\"><strong>v\u0161e o EET<\/strong><\/span><\/h1>\n<p>D\u016fle\u017eit\u00e9 informace pro zaveden\u00ed EET a v\u00fdhody, kter\u00e9 p\u0159in\u00e1\u0161\u00ed na\u0161e \u0159e\u0161en\u00ed <strong>modul\u00e1rn\u00edch pokladn\u00edch syst\u00e9m\u016f M-POS<\/strong> vhodn\u00fdch pro v\u0161echny podnikatele, kter\u00fdch se EET bude t\u00fdkat.<\/p>\n<p><span style=\"color: #ff0000;\"><strong>Pokladn\u00ed syst\u00e9my M-POS pro EET<\/strong><\/span><\/p>\n<p>Pokladn\u00ed syst\u00e9my M-POS vhodn\u00e9 pro EET jsou ur\u010den\u00e9 v\u0161em skupin\u00e1m podnikatel\u016f, kter\u00fdch se t\u00fdk\u00e1 povinnost elektronick\u00e9 evidence tr\u017eeb.<\/p>\n<p>Vybrat si m\u016f\u017eete z\u00a0nab\u00eddky registra\u010dn\u00edch pokladen, PC, tablet\u016f nebo all-in-one PC (EET sestavy v\u0161e v\u00a0jednom) ur\u010den\u00fdch pro EET, ke kter\u00fdm si m\u016f\u017eete zvolit to nejvhodn\u011bj\u0161\u00ed p\u0159\u00edslu\u0161enstv\u00ed a pokladn\u00ed software ur\u010den\u00fd p\u0159esn\u011b pro v\u00e1\u0161 provoz \u2013 a\u0165 u\u017e jste maloobchod, restaurace, bar nebo velkoobchod.<\/p>\n<p><span style=\"color: #ff0000;\"><strong>Jak\u00e9 benefity M-POS nab\u00edz\u00ed?<\/strong><\/span><\/p>\n<ul>\n<li>U na\u0161eho EET \u0159e\u0161en\u00ed neplat\u00edte \u017e\u00e1dn\u00e9 m\u011bs\u00ed\u010dn\u00ed poplatky \u2013 v\u0161e je va\u0161\u00edm majetkem.<\/li>\n<li>Nab\u00edz\u00edme nej\u0161ir\u0161\u00ed a prodejn\u00ed s\u00ed\u0165<\/li>\n<li>Servis pokladen a pokladn\u00edch syst\u00e9m\u016f pro EET\u00a0pro cel\u00e9 \u010cR<\/li>\n<li>Konfigurace vlastn\u00edho pokladn\u00edho syst\u00e9mu p\u0159\u00edmo na m\u00edru<\/li>\n<\/ul>\n<p><span style=\"color: #ff0000;\"><strong>Jak je to s EET?<\/strong><\/span><\/p>\n<p>Elektronick\u00e1 evidence tr\u017eeb (zkr\u00e1cen\u011b EET) se t\u00fdk\u00e1 jednotliv\u00fdch skupin podnikatel\u016f, kte\u0159\u00ed realizuj\u00ed hotovostn\u00ed prodeje, platby kartou, \u0161eky, nebo obdobn\u00fdmi platidly.<\/p>\n<p><strong>Evidovanou tr\u017ebou<\/strong>\u00a0je platba, kter\u00e1 spl\u0148uje form\u00e1ln\u00ed n\u00e1le\u017eitosti, tzn. je uskute\u010dn\u011bn\u00e1 v\u00a0hotovosti, platebn\u00ed kartou nebo jin\u00fdm obdobn\u00fdm zp\u016fsobem\u00a0<a href=\"http:\/\/www.sbirka.cz\/POSL4TYD\/NOVE\/16-112.htm\">(\u00a7 5 z\u00e1kona o elektronick\u00e9 evidenci tr\u017eeb)<\/a>\u00a0, a kter\u00e1 z\u00e1rove\u0148 zakl\u00e1d\u00e1 rozhodn\u00fd p\u0159\u00edjem\u00a0<a href=\"http:\/\/www.sbirka.cz\/POSL4TYD\/NOVE\/16-112.htm\">(\u00a76 z\u00e1kona o EET)<\/a>. Ob\u011b tyto podm\u00ednky mus\u00ed b\u00fdt spln\u011bny sou\u010dasn\u011b.<\/p>\n<p><a href=\"http:\/\/www.e-trzby.cz\/cs\/kdo-a-jake-trzby-eviduje\">Klikn\u011bte zde pro v\u00edce informac\u00ed<\/a><\/p>\n<p><span style=\"color: #ff0000;\"><strong>Pro koho EET plat\u00ed a jak\u00e9 kroky mus\u00edm u\u010dinit p\u0159ed zah\u00e1jen\u00edm evidence tr\u017eeb?<\/strong><\/span><\/p>\n<p>Jak\u00e9 kroky mus\u00ed podnikatel u\u010dinit?<\/p>\n<ol>\n<li>Zjistit si, zda m\u00e1 povinnost evidovat tr\u017eby.<\/li>\n<li>Ov\u011b\u0159it si, odkdy bude evidovat.<\/li>\n<li>Zv\u00e1\u017eit, zda m\u016f\u017ee tr\u017eby evidovat ve \u201ezjednodu\u0161en\u00e9m re\u017eimu\u201c.<\/li>\n<li>Pokud nem\u016f\u017ee vyu\u017e\u00edt p\u0159edchoz\u00ed bod, po\u0159\u00edd\u00ed si nezbytn\u00e9 vybaven\u00ed pro evidenci.<\/li>\n<li>Za\u0159\u00edd\u00ed si p\u0159\u00edstup na port\u00e1l e-tr\u017eby a certifik\u00e1t.<\/li>\n<\/ol>\n<p><strong>Osobou povinnou<\/strong>\u00a0evidovat tr\u017eby je poplatn\u00edk dan\u011b z\u00a0p\u0159\u00edjmu fyzick\u00fdch a pr\u00e1vnick\u00fdch osob, pokud mu plynou evidovan\u00e9 tr\u017eby. Povinnost elektronicky evidovat tr\u017eby bude m\u00edt ka\u017ed\u00fd, kdo p\u0159i sv\u00fdch obchodech p\u0159ij\u00edm\u00e1 platby v\u00a0hotovosti, kartou, r\u016fzn\u00fdmi \u0161eky \u010di stravenkami. Net\u00fdk\u00e1 se tedy jen kamenn\u00fdch prodejen, ale tak\u00e9 nap\u0159\u00edklad st\u00e1nk\u016f. Povinnosti nepodl\u00e9haj\u00ed obchodn\u00edci, kte\u0159\u00ed inkasuj\u00ed v\u00fdhradn\u011b na fakturu.<\/p>\n<p><a href=\"http:\/\/www.e-trzby.cz\/cs\/zakladni-kroky-k-evidenci-trzeb\">Klikn\u011bte zde pro v\u00edce informac\u00ed<\/a><\/p>\n<p><span style=\"color: #ff0000;\"><strong>Jak bude EET zav\u00e1d\u011bna?<\/strong><\/span><\/p>\n<p>EET bude zav\u00e1d\u011bna v\u00a0n\u011bkolika f\u00e1z\u00edch. Aktu\u00e1ln\u00ed pl\u00e1n zaveden\u00ed do praxe je n\u00e1sledovn\u00fd:<\/p>\n<p>\u2013\u00a0\u00a0\u00a0\u00a0\u00a0\u00a0\u00a0\u00a0\u00a0\u00a0<strong>1. f\u00e1ze od 1.12.2016<\/strong>\u00a0\u2013 ubytovac\u00ed a stravovac\u00ed slu\u017eby<\/p>\n<p>\u2013\u00a0\u00a0\u00a0\u00a0\u00a0\u00a0\u00a0\u00a0\u00a0\u00a0<strong>2. f\u00e1ze od 1.3.2017<\/strong>\u00a0\u2013 maloobchod a velkoobchod<\/p>\n<p>\u2013\u00a0\u00a0\u00a0\u00a0\u00a0\u00a0\u00a0\u00a0\u00a0\u00a0<strong>3. f\u00e1ze od 1.3.2018<\/strong>\u00a0\u2013 ostatn\u00ed \u010dinnosti vyjma t\u011bch ve 4. F\u00e1zi, nap\u0159. svobodn\u00e1 povol\u00e1n\u00ed, doprava, zem\u011bd\u011blstv\u00ed<\/p>\n<p>\u2013\u00a0\u00a0\u00a0\u00a0\u00a0\u00a0\u00a0\u00a0\u00a0\u00a0<strong>4. f\u00e1ze od 1.6.2018<\/strong>\u00a0\u2013 vybran\u00e1 \u0159emesla a v\u00fdrobn\u00ed \u010dinnosti<\/p>\n<p><a href=\"http:\/\/www.e-trzby.cz\/cs\/odkdy-evidovat-trzby\">Klikn\u011bte zde pro v\u00edce informac\u00ed<\/a><\/p>\n<p><span style=\"color: #ff0000;\"><strong>Jak EET funguje?<\/strong><\/span><\/p>\n<p>Cel\u00fd syst\u00e9m evidence je napojen\u00fd pomoci pokladn\u00edho za\u0159\u00edzen\u00ed podnikatele na syst\u00e9m Finan\u010dn\u00ed spr\u00e1vy, kter\u00fd eviduje ka\u017edou jednotlivou \u00fa\u010dtenku v\u00a0re\u00e1ln\u00e9m \u010dase.<\/p>\n","protected":false},"excerpt":{"rendered":"<div class=\"slide-text-bg2\"><span>v\u0161e o EET D\u016fle\u017eit\u00e9 informace pro zaveden\u00ed EET a v\u00fdhody, kter\u00e9 p\u0159in\u00e1\u0161\u00ed na\u0161e \u0159e\u0161en\u00ed modul\u00e1rn\u00edch pokladn\u00edch syst\u00e9m\u016f M-POS vhodn\u00fdch pro v?<\/span><\/div>\n<div class=\"slide-btn-area-sm\"><a href=\"https:\/\/www.m-pos.cz\/?page_id=60\" class=\"slide-btn-sm\">Read More<\/a><\/div>\n","protected":false},"author":1,"featured_media":0,"parent":0,"menu_order":0,"comment_status":"closed","ping_status":"closed","template":"","meta":[],"_links":{"self":[{"href":"https:\/\/www.m-pos.cz\/index.php?rest_route=\/wp\/v2\/pages\/60"}],"collection":[{"href":"https:\/\/www.m-pos.cz\/index.php?rest_route=\/wp\/v2\/pages"}],"about":[{"href":"https:\/\/www.m-pos.cz\/index.php?rest_route=\/wp\/v2\/types\/page"}],"author":[{"embeddable":true,"href":"https:\/\/www.m-pos.cz\/index.php?rest_route=\/wp\/v2\/users\/1"}],"replies":[{"embeddable":true,"href":"https:\/\/www.m-pos.cz\/index.php?rest_route=%2Fwp%2Fv2%2Fcomments&post=60"}],"version-history":[{"count":3,"href":"https:\/\/www.m-pos.cz\/index.php?rest_route=\/wp\/v2\/pages\/60\/revisions"}],"predecessor-version":[{"id":101,"href":"https:\/\/www.m-pos.cz\/index.php?rest_route=\/wp\/v2\/pages\/60\/revisions\/101"}],"wp:attachment":[{"href":"https:\/\/www.m-pos.cz\/index.php?rest_route=%2Fwp%2Fv2%2Fmedia&parent=60"}],"curies":[{"name":"wp","href":"https:\/\/api.w.org\/{rel}","templated":true}]}}