{"id":8,"date":"2016-10-21T11:43:34","date_gmt":"2016-10-21T09:43:34","guid":{"rendered":"http:\/\/www.m-pos.cz\/?page_id=8"},"modified":"2016-11-16T13:48:26","modified_gmt":"2016-11-16T12:48:26","slug":"8-2","status":"publish","type":"page","link":"https:\/\/www.m-pos.cz\/?page_id=8","title":{"rendered":"nejlevn\u011bj\u0161\u00ed EET kasa"},"content":{"rendered":"<section id=\"builder-section-1477042841640\" class=\"builder-section builder-section-first builder-section-text builder-section-last builder-text-columns-3\">\n<div class=\"builder-section-content\">\n<div id=\"builder-section-1477042841640-column-1\" class=\"builder-text-column builder-text-column-1\">\n<div class=\"builder-text-content\">\n<div class=\"col-xs-7\">\n<h2><strong><span style=\"color: #ff0000;\">nejlevn\u011bj\u0161\u00ed EET kasa<\/span><\/strong><\/h2>\n<div class=\"description\">\n<ul>\n<li>Z\u00e1kladn\u00ed pokladna pro va\u0161e podnik\u00e1n\u00ed<\/li>\n<li>Ide\u00e1ln\u00ed pro men\u0161\u00ed obchodn\u00ed provozy i st\u00e1nkov\u00fd prodej<\/li>\n<li>Provoz na baterii<\/li>\n<li>Jednoduch\u00e1 obsluha i \u00fadr\u017eba<\/li>\n<li>P\u0159ehledn\u00e9 menu<\/li>\n<li>Nov\u011b p\u0159ipojen\u00ed p\u0159es WiFi bez p\u0159\u00edplatku<\/li>\n<li>Automatick\u00e9 bezplatn\u00e9 aktualizace<\/li>\n<li class=\"price\"><strong><span style=\"color: #ff0000;\">Cena od 6 970 K\u010d bez DPH<\/span><\/strong><\/li>\n<\/ul>\n<\/div>\n<\/div>\n<\/div>\n<\/div>\n<div id=\"builder-section-1477042841640-column-2\" class=\"builder-text-column builder-text-column-2\">\n<figure class=\"builder-text-image\"><img loading=\"lazy\" class=\"attachment-large size-large\" src=\"http:\/\/www.m-pos.cz\/wp-content\/uploads\/2016\/10\/registra\u010dn\u00ed-pokladna-nejlevn\u011bj\u0161\u00ed-\u0159e\u0161en\u00ed-1024x683.jpg\" sizes=\"(max-width: 1024px) 100vw, 1024px\" srcset=\"http:\/\/www.m-pos.cz\/wp-content\/uploads\/2016\/10\/registra\u010dn\u00ed-pokladna-nejlevn\u011bj\u0161\u00ed-\u0159e\u0161en\u00ed-1024x683.jpg 1024w, http:\/\/www.m-pos.cz\/wp-content\/uploads\/2016\/10\/registra\u010dn\u00ed-pokladna-nejlevn\u011bj\u0161\u00ed-\u0159e\u0161en\u00ed-300x200.jpg 300w, http:\/\/www.m-pos.cz\/wp-content\/uploads\/2016\/10\/registra\u010dn\u00ed-pokladna-nejlevn\u011bj\u0161\u00ed-\u0159e\u0161en\u00ed-768x512.jpg 768w\" alt=\"registracni-pokladna-nejlevnejsi-reseni\" width=\"1024\" height=\"683\" \/><\/figure>\n<\/div>\n<div id=\"builder-section-1477042841640-column-3\" class=\"builder-text-column builder-text-column-3\">\n<div class=\"builder-text-content\">\n<div id=\"original\" class=\"popis\">\n<p><strong><span style=\"color: #ff0000;\">Novinka! Pokladna je vybavena WiFi modulem.<\/span><\/strong><\/p>\n<p>Mal\u00e1 a kompaktn\u00ed registra\u010dn\u00ed pokladna X-POS RL je ur\u010dena do men\u0161\u00edch prodejen, ve\u010derek, bister a restaurac\u00ed, ale tak\u00e9 k trhov\u00e9mu prodeji, proto\u017ee je mo\u017en\u00e9, aby byla nap\u00e1jena akumul\u00e1torem. Ten je jedn\u00edm z dopl\u0148k\u016f, kter\u00e9 je mo\u017en\u00e9 k tomuto za\u0159\u00edzen\u00ed p\u0159idat podobn\u011b jako pokladn\u00ed z\u00e1suvku. Registra\u010dn\u00ed<br \/>\npokladna je standardn\u011b vybavena Ethernet konektorem pro p\u0159ipojen\u00ed k internetu a WiFi<\/p>\n<p>V pokladn\u011b je ji\u017e z v\u00fdroby integrov\u00e1n UV detektorpravosti bankovek, d\u00edky kter\u00e9mu snadno odhal\u00edtefale\u0161nou m\u011bnu. Samoz\u0159ejmost\u00ed je velmi tich\u00e1 thermotisk\u00e1rna, kter\u00e1 zvl\u00e1dne tisknout 60 mm\/s.<\/p>\n<p>rozm\u011bry: 220 x280 x 118 mm<br \/>\nhmotnost: 1,6 kg (bez z\u00e1suvky)<br \/>\n5 000 PLU<br \/>\n5 skupin<br \/>\n5 druh\u016f m\u011bn<br \/>\ngrafick\u00e9 logo na \u00fa\u010dtence<br \/>\nhlavi\u010dka \u00fa\u010dtenky: 7 \u0159\u00e1dk\u016f<br \/>\npo\u010det kl\u00e1ves na kl\u00e1vesnici: 34<br \/>\nelektronick\u00fd \u017eurn\u00e1l<br \/>\ndisplej: oper\u00e1torsk\u00fd \u2013 LCD zelen\u00fd podsv\u00edcen\u00fd alfanumerick\u00fd (128 x 64); z\u00e1kaznick\u00fd &#8211; LED jedno\u0159\u00e1dkov\u00fd numerick\u00fd (10 \u010d\u00edsel)<br \/>\nkomunika\u010dn\u00ed porty: 2 x RS232, 1 x extern\u00ed SD karta, Ethernet<br \/>\nnap\u00e1jen\u00ed: 230V AC +\/- 10 % nebo mo\u017enost akumul\u00e1toru<br \/>\nprovozn\u00ed teplota: 0-45\u00b0C<\/p>\n<p><span style=\"color: #ff0000;\"><strong>Automatick\u00e9 bezplatn\u00e9 aktualizace a provoz bez dal\u0161\u00edch poplatk\u016f.<\/strong><\/span><\/p>\n<\/div>\n<\/div>\n<\/div>\n<\/div>\n<\/section>\n","protected":false},"excerpt":{"rendered":"<div class=\"slide-text-bg2\"><span>nejlevn\u011bj\u0161\u00ed EET kasa Z\u00e1kladn\u00ed pokladna pro va\u0161e podnik\u00e1n\u00ed Ide\u00e1ln\u00ed pro men\u0161\u00ed obchodn\u00ed provozy i st\u00e1nkov\u00fd prodej Provoz na baterii Jednoduch\u00e1<\/span><\/div>\n<div class=\"slide-btn-area-sm\"><a href=\"https:\/\/www.m-pos.cz\/?page_id=8\" class=\"slide-btn-sm\">Read More<\/a><\/div>\n","protected":false},"author":1,"featured_media":0,"parent":0,"menu_order":0,"comment_status":"closed","ping_status":"closed","template":"","meta":[],"_links":{"self":[{"href":"https:\/\/www.m-pos.cz\/index.php?rest_route=\/wp\/v2\/pages\/8"}],"collection":[{"href":"https:\/\/www.m-pos.cz\/index.php?rest_route=\/wp\/v2\/pages"}],"about":[{"href":"https:\/\/www.m-pos.cz\/index.php?rest_route=\/wp\/v2\/types\/page"}],"author":[{"embeddable":true,"href":"https:\/\/www.m-pos.cz\/index.php?rest_route=\/wp\/v2\/users\/1"}],"replies":[{"embeddable":true,"href":"https:\/\/www.m-pos.cz\/index.php?rest_route=%2Fwp%2Fv2%2Fcomments&post=8"}],"version-history":[{"count":21,"href":"https:\/\/www.m-pos.cz\/index.php?rest_route=\/wp\/v2\/pages\/8\/revisions"}],"predecessor-version":[{"id":88,"href":"https:\/\/www.m-pos.cz\/index.php?rest_route=\/wp\/v2\/pages\/8\/revisions\/88"}],"wp:attachment":[{"href":"https:\/\/www.m-pos.cz\/index.php?rest_route=%2Fwp%2Fv2%2Fmedia&parent=8"}],"curies":[{"name":"wp","href":"https:\/\/api.w.org\/{rel}","templated":true}]}}