{"id":96,"date":"2016-11-16T14:02:06","date_gmt":"2016-11-16T13:02:06","guid":{"rendered":"http:\/\/www.m-pos.cz\/?page_id=96"},"modified":"2022-02-15T10:25:13","modified_gmt":"2022-02-15T09:25:13","slug":"cenik-souvisejicich-sluzeb","status":"publish","type":"page","link":"https:\/\/www.m-pos.cz\/?page_id=96","title":{"rendered":"Cen\u00edk souvisej\u00edc\u00edch slu\u017eeb"},"content":{"rendered":"<h2><span style=\"color: #ff0000;\"><strong>Cen\u00edk souvisej\u00edc\u00edch slu\u017eeb<\/strong><\/span><\/h2>\n<ul>\n<li><span style=\"color: #333333;\">kompletn\u00ed zaji\u0161t\u011bn\u00ed autentiza\u010dn\u00edch \u00fadaj\u016f a vygenerov\u00e1n\u00ed certifik\u00e1tu &#8230; 1 000,- K\u010d bez DPH<\/span><\/li>\n<li><span style=\"color: #333333;\">konfigurace, programov\u00e1n\u00ed za\u0159\u00edzen\u00ed EET &#8230; 1 000,- K\u010d bez DPH \/ hod<\/span><\/li>\n<li><span style=\"color: #333333;\">cestovn\u00e9 &#8230; 12,- K\u010d bez DPH \/ km<\/span><\/li>\n<\/ul>\n","protected":false},"excerpt":{"rendered":"<div class=\"slide-text-bg2\"><span>Cen\u00edk souvisej\u00edc\u00edch slu\u017eeb kompletn\u00ed zaji\u0161t\u011bn\u00ed autentiza\u010dn\u00edch \u00fadaj\u016f a vygenerov\u00e1n\u00ed certifik\u00e1tu &#8230; 1 000,- K\u010d bez DPH konfigurace, prog<\/span><\/div>\n<div class=\"slide-btn-area-sm\"><a href=\"https:\/\/www.m-pos.cz\/?page_id=96\" class=\"slide-btn-sm\">Read More<\/a><\/div>\n","protected":false},"author":1,"featured_media":0,"parent":0,"menu_order":0,"comment_status":"closed","ping_status":"closed","template":"","meta":[],"_links":{"self":[{"href":"https:\/\/www.m-pos.cz\/index.php?rest_route=\/wp\/v2\/pages\/96"}],"collection":[{"href":"https:\/\/www.m-pos.cz\/index.php?rest_route=\/wp\/v2\/pages"}],"about":[{"href":"https:\/\/www.m-pos.cz\/index.php?rest_route=\/wp\/v2\/types\/page"}],"author":[{"embeddable":true,"href":"https:\/\/www.m-pos.cz\/index.php?rest_route=\/wp\/v2\/users\/1"}],"replies":[{"embeddable":true,"href":"https:\/\/www.m-pos.cz\/index.php?rest_route=%2Fwp%2Fv2%2Fcomments&post=96"}],"version-history":[{"count":3,"href":"https:\/\/www.m-pos.cz\/index.php?rest_route=\/wp\/v2\/pages\/96\/revisions"}],"predecessor-version":[{"id":119,"href":"https:\/\/www.m-pos.cz\/index.php?rest_route=\/wp\/v2\/pages\/96\/revisions\/119"}],"wp:attachment":[{"href":"https:\/\/www.m-pos.cz\/index.php?rest_route=%2Fwp%2Fv2%2Fmedia&parent=96"}],"curies":[{"name":"wp","href":"https:\/\/api.w.org\/{rel}","templated":true}]}}